{"id":1220,"date":"2023-12-18T09:56:20","date_gmt":"2023-12-18T07:56:20","guid":{"rendered":"https:\/\/proporo.fi\/poromies\/?post_type=product&#038;p=1220"},"modified":"2024-08-08T16:04:29","modified_gmt":"2024-08-08T13:04:29","slug":"buff-pinkki","status":"publish","type":"product","link":"https:\/\/proporo.fi\/poromies\/tuote\/buff-pinkki\/","title":{"rendered":"Buff pinkki"},"content":{"rendered":"<p>V\u00e4ri: Pinkki<\/p>\n<p>Materiaali: 100 % Kierr\u00e4tyspolyesteri. Valmistettu kierr\u00e4tetyist\u00e4 muovipuolloista (RPET).<\/p>\n<p>Koko: Pituus n. 49 cm x leveys n. 25,5 cm.<\/p>\n<p>Painatus: Poromies- ja Badjeolmmo\u0161- tekstit (suomi ja pohjoissaame).<\/p>\n<p>Vesipesu 40 C<\/p>\n","protected":false},"excerpt":{"rendered":"<p>V\u00e4ri: Pinkki Materiaali: 100 % Kierr\u00e4tyspolyesteri. Valmistettu kierr\u00e4tetyist\u00e4 muovipuolloista (RPET). Koko: Pituus n. 49 cm x leveys n. 25,5 cm. Painatus: Poromies- ja Badjeolmmo\u0161- tekstit (suomi ja pohjoissaame). Vesipesu 40 C<\/p>\n","protected":false},"featured_media":1212,"comment_status":"open","ping_status":"closed","template":"","meta":[],"product_brand":[],"product_cat":[15],"product_tag":[],"class_list":{"0":"post-1220","1":"product","2":"type-product","3":"status-publish","4":"has-post-thumbnail","6":"product_cat-yleinen","7":"product_shipping_class-aa","9":"first","10":"instock","11":"shipping-taxable","12":"purchasable","13":"product-type-simple"},"_links":{"self":[{"href":"https:\/\/proporo.fi\/poromies\/wp-json\/wp\/v2\/product\/1220","targetHints":{"allow":["GET"]}}],"collection":[{"href":"https:\/\/proporo.fi\/poromies\/wp-json\/wp\/v2\/product"}],"about":[{"href":"https:\/\/proporo.fi\/poromies\/wp-json\/wp\/v2\/types\/product"}],"replies":[{"embeddable":true,"href":"https:\/\/proporo.fi\/poromies\/wp-json\/wp\/v2\/comments?post=1220"}],"wp:featuredmedia":[{"embeddable":true,"href":"https:\/\/proporo.fi\/poromies\/wp-json\/wp\/v2\/media\/1212"}],"wp:attachment":[{"href":"https:\/\/proporo.fi\/poromies\/wp-json\/wp\/v2\/media?parent=1220"}],"wp:term":[{"taxonomy":"product_brand","embeddable":true,"href":"https:\/\/proporo.fi\/poromies\/wp-json\/wp\/v2\/product_brand?post=1220"},{"taxonomy":"product_cat","embeddable":true,"href":"https:\/\/proporo.fi\/poromies\/wp-json\/wp\/v2\/product_cat?post=1220"},{"taxonomy":"product_tag","embeddable":true,"href":"https:\/\/proporo.fi\/poromies\/wp-json\/wp\/v2\/product_tag?post=1220"}],"curies":[{"name":"wp","href":"https:\/\/api.w.org\/{rel}","templated":true}]}}