{"id":1716,"date":"2025-12-11T17:18:14","date_gmt":"2025-12-11T15:18:14","guid":{"rendered":"https:\/\/proporo.fi\/poromies\/?post_type=product&#038;p=1716"},"modified":"2025-12-12T11:11:07","modified_gmt":"2025-12-12T09:11:07","slug":"poromies-pipo","status":"publish","type":"product","link":"https:\/\/proporo.fi\/poromies\/tuote\/poromies-pipo\/","title":{"rendered":"Poromies-pipo"},"content":{"rendered":"<p>Vaaleanharmaa ribbipipo Poromies-logolla.<br \/>\nYksi napakka koko.<br \/>\nPipon korkeus 20 cm.<br \/>\nMateriaali akryylia (47 %), kierr\u00e4tetty\u00e4 polyesteria (52 %) ja elastaania (1 %).<br \/>\nK\u00e4sinpesu.<\/p>\n","protected":false},"excerpt":{"rendered":"<p>Vaaleanharmaa ribbipipo Poromies-logolla. Yksi napakka koko. Pipon korkeus 20 cm. Materiaali akryylia (47 %), kierr\u00e4tetty\u00e4 polyesteria (52 %) ja elastaania (1 %). K\u00e4sinpesu.<\/p>\n","protected":false},"featured_media":1715,"comment_status":"open","ping_status":"closed","template":"","meta":[],"product_brand":[],"product_cat":[15],"product_tag":[],"class_list":{"0":"post-1716","1":"product","2":"type-product","3":"status-publish","4":"has-post-thumbnail","6":"product_cat-yleinen","8":"first","9":"instock","10":"shipping-taxable","11":"purchasable","12":"product-type-simple"},"_links":{"self":[{"href":"https:\/\/proporo.fi\/poromies\/wp-json\/wp\/v2\/product\/1716","targetHints":{"allow":["GET"]}}],"collection":[{"href":"https:\/\/proporo.fi\/poromies\/wp-json\/wp\/v2\/product"}],"about":[{"href":"https:\/\/proporo.fi\/poromies\/wp-json\/wp\/v2\/types\/product"}],"replies":[{"embeddable":true,"href":"https:\/\/proporo.fi\/poromies\/wp-json\/wp\/v2\/comments?post=1716"}],"wp:featuredmedia":[{"embeddable":true,"href":"https:\/\/proporo.fi\/poromies\/wp-json\/wp\/v2\/media\/1715"}],"wp:attachment":[{"href":"https:\/\/proporo.fi\/poromies\/wp-json\/wp\/v2\/media?parent=1716"}],"wp:term":[{"taxonomy":"product_brand","embeddable":true,"href":"https:\/\/proporo.fi\/poromies\/wp-json\/wp\/v2\/product_brand?post=1716"},{"taxonomy":"product_cat","embeddable":true,"href":"https:\/\/proporo.fi\/poromies\/wp-json\/wp\/v2\/product_cat?post=1716"},{"taxonomy":"product_tag","embeddable":true,"href":"https:\/\/proporo.fi\/poromies\/wp-json\/wp\/v2\/product_tag?post=1716"}],"curies":[{"name":"wp","href":"https:\/\/api.w.org\/{rel}","templated":true}]}}