{"id":311,"date":"2021-01-18T09:06:50","date_gmt":"2021-01-18T07:06:50","guid":{"rendered":"https:\/\/proporo.fi\/poromies\/?post_type=product&#038;p=311"},"modified":"2024-08-08T16:06:50","modified_gmt":"2024-08-08T13:06:50","slug":"san-nimisuojatarrarulla-1000-kpl","status":"publish","type":"product","link":"https:\/\/proporo.fi\/poromies\/tuote\/san-nimisuojatarrarulla-1000-kpl\/","title":{"rendered":"SAN-nimisuojatarrarulla (1000 kpl)"},"content":{"rendered":"<p><strong>Suojattu alkuper\u00e4nimitys (SAN) -tarrat, 1000 kpl<\/strong><\/p>\n<p>HINTA: 36 \u20ac + toimituskulut<br \/>\nLIS\u00c4TIEDOT: Elintarvikekelpoinen kiilt\u00e4v\u00e4 paperitarra. Merkin halkaisija 30 mm. Rulla 110 mm x 32 mm.<\/p>\n<p>Hanki \u2019suojattu alkuper\u00e4nimitys\u2019 -tarroja kiinnitett\u00e4v\u00e4ksi poronlihan myyntipakkauksiin. Merkki on kuluttajien arvostama tae korkeatasoisesta paikallisesta tuotteesta.<\/p>\n<p>SAN-merkki\u00e4 saa k\u00e4ytt\u00e4\u00e4 vain tarkasti rajatuin edellytyksin. Nimisuojan saaneita poronlihaelintarvikkeita ovat Lapin Poron liha, Lapin Poron kuivaliha tai Lapin Poron kylm\u00e4savuliha. Niihin k\u00e4ytett\u00e4v\u00e4n poronlihan tulee olla per\u00e4isin Suomen poronhoitoalueella syntyneist\u00e4 ja kasvaneista poroista ja lihan leikkaamisen, jalostamisen ja pakkaamisen on tapahduttava Suomen poronhoitoalueella. Lapin Poron kuivalihan ja kylm\u00e4savulihan valmistuksessa on noudatettava EU:n hyv\u00e4ksym\u00e4\u00e4, perinteist\u00e4 valmistusmenetelm\u00e4\u00e4 ja tuotteiden merkint\u00e4tapaa (ks. alla olevat linkit). SAN-merkityiss\u00e4 poronlihapakkauksissa on aina mainittava, onko kyseess\u00e4 aikuisen poron vai vasan liha.<\/p>\n<p>Esimerkki pakkausmerkinn\u00e4st\u00e4:<\/p>\n<p><img loading=\"lazy\" decoding=\"async\" class=\"alignnone wp-image-303 size-large\" src=\"https:\/\/proporo.fi\/poromies\/wp-content\/uploads\/2020\/12\/san-esimerkki-merkinnasta-1024x655.png\" alt=\"SAN esimerkki pakkausmerkinn\u00e4st\u00e4\" width=\"600\" height=\"384\" srcset=\"https:\/\/proporo.fi\/poromies\/wp-content\/uploads\/2020\/12\/san-esimerkki-merkinnasta-1024x655.png 1024w, https:\/\/proporo.fi\/poromies\/wp-content\/uploads\/2020\/12\/san-esimerkki-merkinnasta-300x192.png 300w, https:\/\/proporo.fi\/poromies\/wp-content\/uploads\/2020\/12\/san-esimerkki-merkinnasta-768x491.png 768w, https:\/\/proporo.fi\/poromies\/wp-content\/uploads\/2020\/12\/san-esimerkki-merkinnasta-600x384.png 600w, https:\/\/proporo.fi\/poromies\/wp-content\/uploads\/2020\/12\/san-esimerkki-merkinnasta-181x116.png 181w, https:\/\/proporo.fi\/poromies\/wp-content\/uploads\/2020\/12\/san-esimerkki-merkinnasta.png 1200w\" sizes=\"auto, (max-width: 600px) 100vw, 600px\" \/><\/p>\n<p><strong>Lapin Poron liha<\/strong><\/p>\n<p>Merkinn\u00e4t: Ruhon- ja lihasosittain leikatut ruhot pakataan varastointia ja myynti\u00e4 varten esimerkiksi vakuumipakkauksiin ja p\u00e4\u00e4llysmerkit\u00e4\u00e4n Lapin Poron liha -tunnuksella (esimerkiksi leima tai tarra), jota seuraa maininta \u201dsuojattu alkuper\u00e4nimitys\u201d tai sit\u00e4 vastaava yhteis\u00f6n virallinen tunnus. Lis\u00e4ksi on merkitt\u00e4v\u00e4, onko kyseess\u00e4 aikuisen poron vai vasan liha. Vastaavat merkinn\u00e4t edellytet\u00e4\u00e4n my\u00f6s suoramyynnin kautta menev\u00e4lt\u00e4 lihalta. Merkinn\u00e4n <a href=\"https:\/\/eur-lex.europa.eu\/LexUriServ\/LexUriServ.do?uri=OJ:C:2008:019:0022:0026:FI:PDF\">virallinen kuvaus<\/a><\/p>\n<p><strong>Lapin Poron kuivaliha<\/strong><\/p>\n<p>Merkinn\u00e4t: Lapin Poron kuivaliha myyd\u00e4\u00e4n pakattuina erikokoisiin, hyv\u00e4ksyttyihin elintarvikepakkauksiin. Pakkaukset p\u00e4\u00e4llysmerkit\u00e4\u00e4n Lapin Poron kuivaliha -tunnuksella (esimerkiksi leima tai tarra), jota seuraa maininta \u201dsuojattu alkuper\u00e4nimitys\u201d tai sit\u00e4 vastaava yhteis\u00f6n virallinen tunnus. Lis\u00e4ksi on merkitt\u00e4v\u00e4, onko kyseess\u00e4 aikuisen poron vai vasan liha. Vastaavat merkinn\u00e4t edellytet\u00e4\u00e4n my\u00f6s suoramyynnin kautta menevilt\u00e4 tuotteilta. Merkinn\u00e4n <a href=\"https:\/\/eur-lex.europa.eu\/LexUriServ\/LexUriServ.do?uri=OJ:C:2010:042:0012:0015:FI:PDF\">virallinen kuvaus<\/a><\/p>\n<p><strong>Lapin Poron kylm\u00e4savuliha<\/strong><\/p>\n<p>Merkinn\u00e4t: Lapin Poron kylm\u00e4savuliha myyd\u00e4\u00e4n kokonaisina tai leikattuina lihasosina tai viipaleina ja pakattuina erikokoisiin, hyv\u00e4ksyttyihin elintarvikepakkauksiin, joiden koko vaihtelee alle sadasta grammasta muutamaan kiloon. Pakkaukset p\u00e4\u00e4llysmerkit\u00e4\u00e4n Lapin Poron kylm\u00e4savuliha -tunnuksella (esimerkiksi leima tai tarra), jota seuraa maininta \u201dsuojattu alkuper\u00e4nimitys\u201d tai sit\u00e4 vastaava yhteis\u00f6n virallinen tunnus. Lis\u00e4ksi on merkitt\u00e4v\u00e4, onko kyseess\u00e4 aikuisen ja poron vai vasan liha. Merkinn\u00e4n <a href=\"https:\/\/eur-lex.europa.eu\/LexUriServ\/LexUriServ.do?uri=OJ:C:2010:225:0012:0015:FI:PDF\">virallinen kuvaus<\/a><\/p>\n","protected":false},"excerpt":{"rendered":"<p>Suojattu alkuper\u00e4nimitys (SAN) -tarrat, 1000 kpl HINTA: 36 \u20ac + toimituskulut LIS\u00c4TIEDOT: Elintarvikekelpoinen kiilt\u00e4v\u00e4 paperitarra. Merkin halkaisija 30 mm. Rulla 110 mm x 32 mm. Hanki \u2019suojattu alkuper\u00e4nimitys\u2019 -tarroja kiinnitett\u00e4v\u00e4ksi poronlihan myyntipakkauksiin. Merkki on kuluttajien arvostama tae korkeatasoisesta paikallisesta tuotteesta. SAN-merkki\u00e4 saa k\u00e4ytt\u00e4\u00e4 vain tarkasti rajatuin edellytyksin. Nimisuojan saaneita poronlihaelintarvikkeita ovat Lapin Poron liha, Lapin [&hellip;]<\/p>\n","protected":false},"featured_media":310,"comment_status":"open","ping_status":"closed","template":"","meta":[],"product_brand":[],"product_cat":[15],"product_tag":[],"class_list":{"0":"post-311","1":"product","2":"type-product","3":"status-publish","4":"has-post-thumbnail","6":"product_cat-yleinen","7":"product_shipping_class-bb","9":"first","10":"instock","11":"shipping-taxable","12":"purchasable","13":"product-type-simple"},"_links":{"self":[{"href":"https:\/\/proporo.fi\/poromies\/wp-json\/wp\/v2\/product\/311","targetHints":{"allow":["GET"]}}],"collection":[{"href":"https:\/\/proporo.fi\/poromies\/wp-json\/wp\/v2\/product"}],"about":[{"href":"https:\/\/proporo.fi\/poromies\/wp-json\/wp\/v2\/types\/product"}],"replies":[{"embeddable":true,"href":"https:\/\/proporo.fi\/poromies\/wp-json\/wp\/v2\/comments?post=311"}],"wp:featuredmedia":[{"embeddable":true,"href":"https:\/\/proporo.fi\/poromies\/wp-json\/wp\/v2\/media\/310"}],"wp:attachment":[{"href":"https:\/\/proporo.fi\/poromies\/wp-json\/wp\/v2\/media?parent=311"}],"wp:term":[{"taxonomy":"product_brand","embeddable":true,"href":"https:\/\/proporo.fi\/poromies\/wp-json\/wp\/v2\/product_brand?post=311"},{"taxonomy":"product_cat","embeddable":true,"href":"https:\/\/proporo.fi\/poromies\/wp-json\/wp\/v2\/product_cat?post=311"},{"taxonomy":"product_tag","embeddable":true,"href":"https:\/\/proporo.fi\/poromies\/wp-json\/wp\/v2\/product_tag?post=311"}],"curies":[{"name":"wp","href":"https:\/\/api.w.org\/{rel}","templated":true}]}}