{"id":368,"date":"2021-04-26T12:11:50","date_gmt":"2021-04-26T09:11:50","guid":{"rendered":"https:\/\/proporo.fi\/poromies\/?post_type=product&#038;p=368"},"modified":"2024-08-08T16:06:27","modified_gmt":"2024-08-08T13:06:27","slug":"poromies-lippalakki-musta","status":"publish","type":"product","link":"https:\/\/proporo.fi\/poromies\/tuote\/poromies-lippalakki-musta\/","title":{"rendered":"Pororeseptit-lippalakki (musta)"},"content":{"rendered":"<p>V\u00e4ri: musta. Pororeseptit-logo lipassa ja sivulla pororeseptit.fi -teksti.<\/p>\n<p>Lakin takana s\u00e4\u00e4t\u00f6nauha koon s\u00e4\u00e4t\u00e4mist\u00e4 varten.<\/p>\n<p>Materiaali: 100 % puuvilla.<\/p>\n","protected":false},"excerpt":{"rendered":"<p>V\u00e4ri: musta. Pororeseptit-logo lipassa ja sivulla pororeseptit.fi -teksti. Lakin takana s\u00e4\u00e4t\u00f6nauha koon s\u00e4\u00e4t\u00e4mist\u00e4 varten. Materiaali: 100 % puuvilla.<\/p>\n","protected":false},"featured_media":364,"comment_status":"open","ping_status":"closed","template":"","meta":[],"product_brand":[],"product_cat":[15],"product_tag":[],"class_list":{"0":"post-368","1":"product","2":"type-product","3":"status-publish","4":"has-post-thumbnail","6":"product_cat-yleinen","7":"product_shipping_class-aa","9":"first","10":"instock","11":"shipping-taxable","12":"purchasable","13":"product-type-simple"},"_links":{"self":[{"href":"https:\/\/proporo.fi\/poromies\/wp-json\/wp\/v2\/product\/368","targetHints":{"allow":["GET"]}}],"collection":[{"href":"https:\/\/proporo.fi\/poromies\/wp-json\/wp\/v2\/product"}],"about":[{"href":"https:\/\/proporo.fi\/poromies\/wp-json\/wp\/v2\/types\/product"}],"replies":[{"embeddable":true,"href":"https:\/\/proporo.fi\/poromies\/wp-json\/wp\/v2\/comments?post=368"}],"wp:featuredmedia":[{"embeddable":true,"href":"https:\/\/proporo.fi\/poromies\/wp-json\/wp\/v2\/media\/364"}],"wp:attachment":[{"href":"https:\/\/proporo.fi\/poromies\/wp-json\/wp\/v2\/media?parent=368"}],"wp:term":[{"taxonomy":"product_brand","embeddable":true,"href":"https:\/\/proporo.fi\/poromies\/wp-json\/wp\/v2\/product_brand?post=368"},{"taxonomy":"product_cat","embeddable":true,"href":"https:\/\/proporo.fi\/poromies\/wp-json\/wp\/v2\/product_cat?post=368"},{"taxonomy":"product_tag","embeddable":true,"href":"https:\/\/proporo.fi\/poromies\/wp-json\/wp\/v2\/product_tag?post=368"}],"curies":[{"name":"wp","href":"https:\/\/api.w.org\/{rel}","templated":true}]}}