{"id":459,"date":"2021-12-10T08:48:13","date_gmt":"2021-12-10T06:48:13","guid":{"rendered":"https:\/\/proporo.fi\/poromies\/?post_type=product&#038;p=459"},"modified":"2024-08-08T16:05:35","modified_gmt":"2024-08-08T13:05:35","slug":"pororeseptit-pakkausteippi","status":"publish","type":"product","link":"https:\/\/proporo.fi\/poromies\/tuote\/pororeseptit-pakkausteippi\/","title":{"rendered":"Pororeseptit-pakkausteippi"},"content":{"rendered":"<p>Pakkaa l\u00e4hetyksesi n\u00e4ytt\u00e4v\u00e4sti Pororeseptit -pakkausteipill\u00e4.<\/p>\n<p>Valkoinen PVC-pakkausteippi (33 my) Pororeseptit -painatuksella. 50 mm (leveys) x 66 m (teipin pituus)\/rulla. Luonnonkumiliima. Suosittu teippilaatu, joka pysyy sek\u00e4 neitseellisess\u00e4 ett\u00e4 kierr\u00e4tysmateriaalissa.<\/p>\n","protected":false},"excerpt":{"rendered":"<p>Pakkaa l\u00e4hetyksesi n\u00e4ytt\u00e4v\u00e4sti Pororeseptit -pakkausteipill\u00e4. Valkoinen PVC-pakkausteippi (33 my) Pororeseptit -painatuksella. 50 mm (leveys) x 66 m (teipin pituus)\/rulla. Luonnonkumiliima. Suosittu teippilaatu, joka pysyy sek\u00e4 neitseellisess\u00e4 ett\u00e4 kierr\u00e4tysmateriaalissa.<\/p>\n","protected":false},"featured_media":464,"comment_status":"open","ping_status":"closed","template":"","meta":[],"product_brand":[],"product_cat":[15],"product_tag":[],"class_list":{"0":"post-459","1":"product","2":"type-product","3":"status-publish","4":"has-post-thumbnail","6":"product_cat-yleinen","7":"product_shipping_class-bb","9":"first","10":"instock","11":"shipping-taxable","12":"purchasable","13":"product-type-simple"},"_links":{"self":[{"href":"https:\/\/proporo.fi\/poromies\/wp-json\/wp\/v2\/product\/459","targetHints":{"allow":["GET"]}}],"collection":[{"href":"https:\/\/proporo.fi\/poromies\/wp-json\/wp\/v2\/product"}],"about":[{"href":"https:\/\/proporo.fi\/poromies\/wp-json\/wp\/v2\/types\/product"}],"replies":[{"embeddable":true,"href":"https:\/\/proporo.fi\/poromies\/wp-json\/wp\/v2\/comments?post=459"}],"wp:featuredmedia":[{"embeddable":true,"href":"https:\/\/proporo.fi\/poromies\/wp-json\/wp\/v2\/media\/464"}],"wp:attachment":[{"href":"https:\/\/proporo.fi\/poromies\/wp-json\/wp\/v2\/media?parent=459"}],"wp:term":[{"taxonomy":"product_brand","embeddable":true,"href":"https:\/\/proporo.fi\/poromies\/wp-json\/wp\/v2\/product_brand?post=459"},{"taxonomy":"product_cat","embeddable":true,"href":"https:\/\/proporo.fi\/poromies\/wp-json\/wp\/v2\/product_cat?post=459"},{"taxonomy":"product_tag","embeddable":true,"href":"https:\/\/proporo.fi\/poromies\/wp-json\/wp\/v2\/product_tag?post=459"}],"curies":[{"name":"wp","href":"https:\/\/api.w.org\/{rel}","templated":true}]}}