{"id":466,"date":"2021-12-13T08:52:21","date_gmt":"2021-12-13T06:52:21","guid":{"rendered":"https:\/\/proporo.fi\/poromies\/?post_type=product&#038;p=466"},"modified":"2024-08-08T16:05:12","modified_gmt":"2024-08-08T13:05:12","slug":"pororeseptit-tuotetarrat","status":"publish","type":"product","link":"https:\/\/proporo.fi\/poromies\/tuote\/pororeseptit-tuotetarrat\/","title":{"rendered":"Pororeseptit -tuotetarrat"},"content":{"rendered":"<p>Myyntipakkaukseen Pororeseptit -tuotetarra!<\/p>\n<p>Pororeseptit-painatuksella tuotetarrat tarkastamattomalle poronlihalle tuotepakkauksiin liimattavaksi. Elintarvikelpoinen tarra. Yksitt\u00e4isen tarran koko on 130 x 60 mm. Tarroja rullassa 500 kpl (tarrat myyd\u00e4\u00e4n rullittain).<\/p>\n<p>Lue lis\u00e4tietoa poronlihan suoramyynnist\u00e4:<br \/>\nPoromies-lehti 4\/2021 sivut 64\u201365.<br \/>\nPoromies-lehti 3\/2021 sivut 38\u201340.<\/p>\n","protected":false},"excerpt":{"rendered":"<p>Myyntipakkaukseen Pororeseptit -tuotetarra! Pororeseptit-painatuksella tuotetarrat tarkastamattomalle poronlihalle tuotepakkauksiin liimattavaksi. Elintarvikelpoinen tarra. Yksitt\u00e4isen tarran koko on 130 x 60 mm. Tarroja rullassa 500 kpl (tarrat myyd\u00e4\u00e4n rullittain). Lue lis\u00e4tietoa poronlihan suoramyynnist\u00e4: Poromies-lehti 4\/2021 sivut 64\u201365. Poromies-lehti 3\/2021 sivut 38\u201340.<\/p>\n","protected":false},"featured_media":429,"comment_status":"open","ping_status":"closed","template":"","meta":[],"product_brand":[],"product_cat":[15],"product_tag":[],"class_list":{"0":"post-466","1":"product","2":"type-product","3":"status-publish","4":"has-post-thumbnail","6":"product_cat-yleinen","7":"product_shipping_class-bb","9":"first","10":"instock","11":"shipping-taxable","12":"purchasable","13":"product-type-simple"},"_links":{"self":[{"href":"https:\/\/proporo.fi\/poromies\/wp-json\/wp\/v2\/product\/466","targetHints":{"allow":["GET"]}}],"collection":[{"href":"https:\/\/proporo.fi\/poromies\/wp-json\/wp\/v2\/product"}],"about":[{"href":"https:\/\/proporo.fi\/poromies\/wp-json\/wp\/v2\/types\/product"}],"replies":[{"embeddable":true,"href":"https:\/\/proporo.fi\/poromies\/wp-json\/wp\/v2\/comments?post=466"}],"wp:featuredmedia":[{"embeddable":true,"href":"https:\/\/proporo.fi\/poromies\/wp-json\/wp\/v2\/media\/429"}],"wp:attachment":[{"href":"https:\/\/proporo.fi\/poromies\/wp-json\/wp\/v2\/media?parent=466"}],"wp:term":[{"taxonomy":"product_brand","embeddable":true,"href":"https:\/\/proporo.fi\/poromies\/wp-json\/wp\/v2\/product_brand?post=466"},{"taxonomy":"product_cat","embeddable":true,"href":"https:\/\/proporo.fi\/poromies\/wp-json\/wp\/v2\/product_cat?post=466"},{"taxonomy":"product_tag","embeddable":true,"href":"https:\/\/proporo.fi\/poromies\/wp-json\/wp\/v2\/product_tag?post=466"}],"curies":[{"name":"wp","href":"https:\/\/api.w.org\/{rel}","templated":true}]}}