{"id":49,"date":"2019-11-28T12:33:20","date_gmt":"2019-11-28T10:33:20","guid":{"rendered":"http:\/\/proporo.fi\/poromies\/?post_type=product&#038;p=49"},"modified":"2024-08-08T16:27:26","modified_gmt":"2024-08-08T13:27:26","slug":"teekannu-testi","status":"publish","type":"product","link":"https:\/\/proporo.fi\/poromies\/tuote\/teekannu-testi\/","title":{"rendered":"Buff vihre\u00e4"},"content":{"rendered":"<p>V\u00e4ri: Vihre\u00e4<\/p>\n<p>Materiaali: 100 % Polyesteri<\/p>\n<p>Koko: pituus n. 49 cm x leveys n. 23 cm<\/p>\n<p>Vesipesu 40 C<\/p>\n<p>&nbsp;<\/p>\n","protected":false},"excerpt":{"rendered":"<p>V\u00e4ri: Vihre\u00e4 Materiaali: 100 % Polyesteri Koko: pituus n. 49 cm x leveys n. 23 cm Vesipesu 40 C &nbsp;<\/p>\n","protected":false},"featured_media":1184,"comment_status":"open","ping_status":"closed","template":"","meta":[],"product_brand":[],"product_cat":[15],"product_tag":[],"class_list":{"0":"post-49","1":"product","2":"type-product","3":"status-publish","4":"has-post-thumbnail","6":"product_cat-yleinen","7":"product_shipping_class-aa","9":"first","10":"instock","11":"shipping-taxable","12":"purchasable","13":"product-type-simple"},"_links":{"self":[{"href":"https:\/\/proporo.fi\/poromies\/wp-json\/wp\/v2\/product\/49","targetHints":{"allow":["GET"]}}],"collection":[{"href":"https:\/\/proporo.fi\/poromies\/wp-json\/wp\/v2\/product"}],"about":[{"href":"https:\/\/proporo.fi\/poromies\/wp-json\/wp\/v2\/types\/product"}],"replies":[{"embeddable":true,"href":"https:\/\/proporo.fi\/poromies\/wp-json\/wp\/v2\/comments?post=49"}],"wp:featuredmedia":[{"embeddable":true,"href":"https:\/\/proporo.fi\/poromies\/wp-json\/wp\/v2\/media\/1184"}],"wp:attachment":[{"href":"https:\/\/proporo.fi\/poromies\/wp-json\/wp\/v2\/media?parent=49"}],"wp:term":[{"taxonomy":"product_brand","embeddable":true,"href":"https:\/\/proporo.fi\/poromies\/wp-json\/wp\/v2\/product_brand?post=49"},{"taxonomy":"product_cat","embeddable":true,"href":"https:\/\/proporo.fi\/poromies\/wp-json\/wp\/v2\/product_cat?post=49"},{"taxonomy":"product_tag","embeddable":true,"href":"https:\/\/proporo.fi\/poromies\/wp-json\/wp\/v2\/product_tag?post=49"}],"curies":[{"name":"wp","href":"https:\/\/api.w.org\/{rel}","templated":true}]}}